{"id":29729,"date":"2025-10-29T20:23:49","date_gmt":"2025-10-30T00:23:49","guid":{"rendered":"https:\/\/courose.com\/politique-de-confidentialite\/"},"modified":"2025-11-11T11:00:43","modified_gmt":"2025-11-11T16:00:43","slug":"politique-de-confidentialite","status":"publish","type":"page","link":"https:\/\/courose.com\/en\/politique-de-confidentialite\/","title":{"rendered":"Privacy Policy"},"content":{"rendered":"\t\t<div data-elementor-type=\"wp-page\" data-elementor-id=\"29729\" class=\"elementor elementor-29729 elementor-3333\">\n\t\t\t\t<div class=\"elementor-element elementor-element-ced4166 e-con-full thegem-e-con-layout-thegem e-flex e-con e-parent\" data-id=\"ced4166\" data-element_type=\"container\" data-settings=\"{&quot;background_background&quot;:&quot;classic&quot;,&quot;thegem_container_layout&quot;:&quot;thegem&quot;}\">\r\n\t\t<div class=\"elementor-element elementor-element-c90fe33 thegem-e-con-layout-thegem e-flex e-con-boxed e-con e-child\" data-id=\"c90fe33\" data-element_type=\"container\" data-settings=\"{&quot;thegem_container_layout&quot;:&quot;thegem&quot;}\">\r\n\t\t\t\t\t<div class=\"e-con-inner\">\r\n\t\t\t\t<div class=\"elementor-element elementor-element-38c3717 flex-horizontal-align-default flex-horizontal-align-tablet-default flex-horizontal-align-mobile-default flex-vertical-align-default flex-vertical-align-tablet-default flex-vertical-align-mobile-default elementor-widget elementor-widget-heading\" data-id=\"38c3717\" data-element_type=\"widget\" data-widget_type=\"heading.default\">\n\t\t\t\t\t<h2 class=\"elementor-heading-title elementor-size-default\">Privacy Policy\n\n<\/h2>\t\t\t\t<\/div>\n\t\t\t\t\t<\/div>\n\t\t\t\t<\/div>\n\t\t\t\t<\/div>\n\t\t<div class=\"elementor-element elementor-element-d6000b7 thegem-e-con-layout-thegem e-flex e-con-boxed e-con e-parent\" data-id=\"d6000b7\" data-element_type=\"container\" data-settings=\"{&quot;thegem_container_layout&quot;:&quot;thegem&quot;}\">\r\n\t\t\t\t\t<div class=\"e-con-inner\">\r\n\t\t<div class=\"elementor-element elementor-element-4027f60 e-con-full thegem-e-con-layout-thegem e-flex e-con e-child\" data-id=\"4027f60\" data-element_type=\"container\" data-settings=\"{&quot;thegem_container_layout&quot;:&quot;thegem&quot;}\">\r\n\t\t\t\t<div class=\"elementor-element elementor-element-036a836 flex-horizontal-align-default flex-horizontal-align-tablet-default flex-horizontal-align-mobile-default flex-vertical-align-default flex-vertical-align-tablet-default flex-vertical-align-mobile-default elementor-widget elementor-widget-text-editor\" data-id=\"036a836\" data-element_type=\"widget\" data-widget_type=\"text-editor.default\">\n\t\t\t\t\t\t\t\t\t\t\t\t<div class=\"elementor-text-editor elementor-clearfix\">\r\n\t\t\t\t\t\t<p><span style=\"font-size: 13px;\"><strong data-start=\"439\" data-end=\"479\">Derni\u00e8re mise \u00e0 jour \/ Last updated:<\/strong> 29 octobre 2025<\/span><\/p><div class=\"small-body\">At \u00a0Courose Real Estate, we value your privacy and are committed to protecting your personal information. This policy explains what information we collect, how we use it, and under what circumstances it may be shared.<\/div><h3>Information We Collect<\/h3><div class=\"small-body\">Our website does not automatically collect any personal information and does not use cookies. We only collect information that you choose to provide voluntarily, for example when you contact us by email or through a contact form.<\/div><div class=\"small-body\">This may include your name, email address, phone number, and the content of your message.<\/div><h3>Use of Information<\/h3><div class=\"small-body\">The information you provide is used solely to respond to your inquiries, provide details about our real estate projects, and offer professional and personalized service. We do not sell, rent, or share your personal information with third parties.<\/div><h3>Cookies<\/h3><div class=\"small-body\">Our website does not use cookies or automated tracking tools.<\/div><h3>Data Retention<\/h3><div class=\"small-body\">We retain the information you voluntarily submit only as long as necessary to respond to your inquiry, unless otherwise required by law.<\/div><h3>Data Security<\/h3><div class=\"small-body\">We use reasonable security measures to protect your information from loss, theft, unauthorized access, or disclosure.<\/div><h3>Access and Correction<\/h3><div class=\"small-body\"><p>You may request access to the information we hold about you, or request that it be corrected or deleted, by contacting us at:<\/p><p><strong>Courose Real Estate<\/strong><br data-start=\"2423\" data-end=\"2426\" \/>(514) 525-6381<br data-start=\"2443\" data-end=\"2446\" \/>9761 Boulevard des Sciences, Montr\u00e9al (Qu\u00e9bec) H1J 0A6<br data-start=\"2503\" data-end=\"2506\" \/>confidentialite@courose.com<\/p><\/div><h3>Intended Audience<\/h3><div class=\"small-body\">Our website and services are intended for a general audience. The site is not restricted to minors, but no personal information from individuals under 14 years of age is knowingly collected.<\/div><h3>Updates<\/h3><div class=\"small-body\">We may update this Privacy Policy from time to time. Any changes will be posted on this page with the revised update date.<\/div>\t\t\t\t\t\t\t<\/div>\r\n\t\t\t\t\t\t\t\t\t\t<\/div>\n\t\t\t\t<\/div>\n\t\t\t\t\t<\/div>\n\t\t\t\t<\/div>\n\t\t\t\t<\/div>\n\t\t","protected":false},"excerpt":{"rendered":"<p>Privacy Policy Derni\u00e8re mise \u00e0 jour \/ Last updated: 29 octobre 2025 At \u00a0Courose Real Estate, we value your privacy&#8230;<\/p>\n","protected":false},"author":1,"featured_media":0,"parent":0,"menu_order":0,"comment_status":"closed","ping_status":"closed","template":"page-fullwidth.php","meta":{"footnotes":""},"class_list":["post-29729","page","type-page","status-publish"],"yoast_head":"<!-- This site is optimized with the Yoast SEO plugin v27.3 - https:\/\/yoast.com\/product\/yoast-seo-wordpress\/ -->\n<title>Privacy Policy - Courose gestion immobili\u00e8re<\/title>\n<meta name=\"robots\" content=\"index, follow, max-snippet:-1, max-image-preview:large, max-video-preview:-1\" \/>\n<link rel=\"canonical\" href=\"https:\/\/courose.com\/en\/politique-de-confidentialite\/\" \/>\n<meta property=\"og:locale\" content=\"en_US\" \/>\n<meta property=\"og:type\" content=\"article\" \/>\n<meta property=\"og:title\" content=\"Privacy Policy - Courose gestion immobili\u00e8re\" \/>\n<meta property=\"og:description\" content=\"Privacy Policy Derni\u00e8re mise \u00e0 jour \/ Last updated: 29 octobre 2025 At \u00a0Courose Real Estate, we value your privacy...\" \/>\n<meta property=\"og:url\" content=\"https:\/\/courose.com\/en\/politique-de-confidentialite\/\" \/>\n<meta property=\"og:site_name\" content=\"Courose gestion immobili\u00e8re\" \/>\n<meta property=\"article:modified_time\" content=\"2025-11-11T16:00:43+00:00\" \/>\n<meta name=\"twitter:card\" content=\"summary_large_image\" \/>\n<meta name=\"twitter:label1\" content=\"Est. reading time\" \/>\n\t<meta name=\"twitter:data1\" content=\"1 minute\" \/>\n<script type=\"application\/ld+json\" class=\"yoast-schema-graph\">{\"@context\":\"https:\\\/\\\/schema.org\",\"@graph\":[{\"@type\":\"WebPage\",\"@id\":\"https:\\\/\\\/courose.com\\\/en\\\/politique-de-confidentialite\\\/\",\"url\":\"https:\\\/\\\/courose.com\\\/en\\\/politique-de-confidentialite\\\/\",\"name\":\"Privacy Policy - Courose gestion immobili\u00e8re\",\"isPartOf\":{\"@id\":\"https:\\\/\\\/courose.com\\\/#website\"},\"datePublished\":\"2025-10-30T00:23:49+00:00\",\"dateModified\":\"2025-11-11T16:00:43+00:00\",\"breadcrumb\":{\"@id\":\"https:\\\/\\\/courose.com\\\/en\\\/politique-de-confidentialite\\\/#breadcrumb\"},\"inLanguage\":\"en-US\",\"potentialAction\":[{\"@type\":\"ReadAction\",\"target\":[\"https:\\\/\\\/courose.com\\\/en\\\/politique-de-confidentialite\\\/\"]}]},{\"@type\":\"BreadcrumbList\",\"@id\":\"https:\\\/\\\/courose.com\\\/en\\\/politique-de-confidentialite\\\/#breadcrumb\",\"itemListElement\":[{\"@type\":\"ListItem\",\"position\":1,\"name\":\"Accueil\",\"item\":\"https:\\\/\\\/courose.com\\\/en\\\/home\\\/\"},{\"@type\":\"ListItem\",\"position\":2,\"name\":\"Privacy Policy\"}]},{\"@type\":\"WebSite\",\"@id\":\"https:\\\/\\\/courose.com\\\/#website\",\"url\":\"https:\\\/\\\/courose.com\\\/\",\"name\":\"Courose gestion immobili\u00e8re\",\"description\":\"\",\"publisher\":{\"@id\":\"https:\\\/\\\/courose.com\\\/#organization\"},\"potentialAction\":[{\"@type\":\"SearchAction\",\"target\":{\"@type\":\"EntryPoint\",\"urlTemplate\":\"https:\\\/\\\/courose.com\\\/?s={search_term_string}\"},\"query-input\":{\"@type\":\"PropertyValueSpecification\",\"valueRequired\":true,\"valueName\":\"search_term_string\"}}],\"inLanguage\":\"en-US\"},{\"@type\":\"Organization\",\"@id\":\"https:\\\/\\\/courose.com\\\/#organization\",\"name\":\"Courose gestion immobili\u00e8re\",\"url\":\"https:\\\/\\\/courose.com\\\/\",\"logo\":{\"@type\":\"ImageObject\",\"inLanguage\":\"en-US\",\"@id\":\"https:\\\/\\\/courose.com\\\/#\\\/schema\\\/logo\\\/image\\\/\",\"url\":\"https:\\\/\\\/courose.com\\\/wp-content\\\/uploads\\\/2025\\\/08\\\/Gestion-Immobilie\u2560Cre-Courose-Real-Estate-scaled.jpg\",\"contentUrl\":\"https:\\\/\\\/courose.com\\\/wp-content\\\/uploads\\\/2025\\\/08\\\/Gestion-Immobilie\u2560Cre-Courose-Real-Estate-scaled.jpg\",\"width\":2560,\"height\":2560,\"caption\":\"Courose gestion immobili\u00e8re\"},\"image\":{\"@id\":\"https:\\\/\\\/courose.com\\\/#\\\/schema\\\/logo\\\/image\\\/\"}}]}<\/script>\n<!-- \/ Yoast SEO plugin. -->","yoast_head_json":{"title":"Privacy Policy - Courose gestion immobili\u00e8re","robots":{"index":"index","follow":"follow","max-snippet":"max-snippet:-1","max-image-preview":"max-image-preview:large","max-video-preview":"max-video-preview:-1"},"canonical":"https:\/\/courose.com\/en\/politique-de-confidentialite\/","og_locale":"en_US","og_type":"article","og_title":"Privacy Policy - Courose gestion immobili\u00e8re","og_description":"Privacy Policy Derni\u00e8re mise \u00e0 jour \/ Last updated: 29 octobre 2025 At \u00a0Courose Real Estate, we value your privacy...","og_url":"https:\/\/courose.com\/en\/politique-de-confidentialite\/","og_site_name":"Courose gestion immobili\u00e8re","article_modified_time":"2025-11-11T16:00:43+00:00","twitter_card":"summary_large_image","twitter_misc":{"Est. reading time":"1 minute"},"schema":{"@context":"https:\/\/schema.org","@graph":[{"@type":"WebPage","@id":"https:\/\/courose.com\/en\/politique-de-confidentialite\/","url":"https:\/\/courose.com\/en\/politique-de-confidentialite\/","name":"Privacy Policy - Courose gestion immobili\u00e8re","isPartOf":{"@id":"https:\/\/courose.com\/#website"},"datePublished":"2025-10-30T00:23:49+00:00","dateModified":"2025-11-11T16:00:43+00:00","breadcrumb":{"@id":"https:\/\/courose.com\/en\/politique-de-confidentialite\/#breadcrumb"},"inLanguage":"en-US","potentialAction":[{"@type":"ReadAction","target":["https:\/\/courose.com\/en\/politique-de-confidentialite\/"]}]},{"@type":"BreadcrumbList","@id":"https:\/\/courose.com\/en\/politique-de-confidentialite\/#breadcrumb","itemListElement":[{"@type":"ListItem","position":1,"name":"Accueil","item":"https:\/\/courose.com\/en\/home\/"},{"@type":"ListItem","position":2,"name":"Privacy Policy"}]},{"@type":"WebSite","@id":"https:\/\/courose.com\/#website","url":"https:\/\/courose.com\/","name":"Courose gestion immobili\u00e8re","description":"","publisher":{"@id":"https:\/\/courose.com\/#organization"},"potentialAction":[{"@type":"SearchAction","target":{"@type":"EntryPoint","urlTemplate":"https:\/\/courose.com\/?s={search_term_string}"},"query-input":{"@type":"PropertyValueSpecification","valueRequired":true,"valueName":"search_term_string"}}],"inLanguage":"en-US"},{"@type":"Organization","@id":"https:\/\/courose.com\/#organization","name":"Courose gestion immobili\u00e8re","url":"https:\/\/courose.com\/","logo":{"@type":"ImageObject","inLanguage":"en-US","@id":"https:\/\/courose.com\/#\/schema\/logo\/image\/","url":"https:\/\/courose.com\/wp-content\/uploads\/2025\/08\/Gestion-Immobilie\u2560Cre-Courose-Real-Estate-scaled.jpg","contentUrl":"https:\/\/courose.com\/wp-content\/uploads\/2025\/08\/Gestion-Immobilie\u2560Cre-Courose-Real-Estate-scaled.jpg","width":2560,"height":2560,"caption":"Courose gestion immobili\u00e8re"},"image":{"@id":"https:\/\/courose.com\/#\/schema\/logo\/image\/"}}]}},"_links":{"self":[{"href":"https:\/\/courose.com\/en\/wp-json\/wp\/v2\/pages\/29729","targetHints":{"allow":["GET"]}}],"collection":[{"href":"https:\/\/courose.com\/en\/wp-json\/wp\/v2\/pages"}],"about":[{"href":"https:\/\/courose.com\/en\/wp-json\/wp\/v2\/types\/page"}],"author":[{"embeddable":true,"href":"https:\/\/courose.com\/en\/wp-json\/wp\/v2\/users\/1"}],"replies":[{"embeddable":true,"href":"https:\/\/courose.com\/en\/wp-json\/wp\/v2\/comments?post=29729"}],"version-history":[{"count":25,"href":"https:\/\/courose.com\/en\/wp-json\/wp\/v2\/pages\/29729\/revisions"}],"predecessor-version":[{"id":29836,"href":"https:\/\/courose.com\/en\/wp-json\/wp\/v2\/pages\/29729\/revisions\/29836"}],"wp:attachment":[{"href":"https:\/\/courose.com\/en\/wp-json\/wp\/v2\/media?parent=29729"}],"curies":[{"name":"wp","href":"https:\/\/api.w.org\/{rel}","templated":true}]}}